{"id":597,"date":"2025-05-29T07:28:56","date_gmt":"2025-05-29T05:28:56","guid":{"rendered":"https:\/\/kivaipargas.fi\/paraisten-paivat-2\/"},"modified":"2026-04-13T07:24:19","modified_gmt":"2026-04-13T05:24:19","slug":"paraisten-paivat","status":"publish","type":"page","link":"https:\/\/kivaipargas.fi\/fi\/paraisten-paivat\/","title":{"rendered":"Paraisten p\u00e4iv\u00e4t"},"content":{"rendered":"\n<figure class=\"wp-block-image size-large\"><img loading=\"lazy\" decoding=\"async\" width=\"1024\" height=\"158\" src=\"https:\/\/kivaipargas.fi\/wp-content\/uploads\/2025\/05\/image-1-1024x158.png\" alt=\"\" class=\"wp-image-558\" srcset=\"https:\/\/kivaipargas.fi\/wp-content\/uploads\/2025\/05\/image-1-1024x158.png 1024w, https:\/\/kivaipargas.fi\/wp-content\/uploads\/2025\/05\/image-1-980x152.png 980w, https:\/\/kivaipargas.fi\/wp-content\/uploads\/2025\/05\/image-1-480x74.png 480w\" sizes=\"(min-width: 0px) and (max-width: 480px) 480px, (min-width: 481px) and (max-width: 980px) 980px, (min-width: 981px) 1024px, 100vw\" \/><\/figure>\n\n<h2 class=\"wp-block-heading has-text-align-center\">5.\u20137.6. on taas Paraisten p\u00e4ivien aika,<br\/>ja markkinat j\u00e4rjestet\u00e4\u00e4n t\u00e4n\u00e4 vuonna lauantaina 6.6. klo 10\u201316<\/h2>\n\n<p class=\"has-text-align-center\">Huomioithan, ett\u00e4 markkinat ovat vain lauantaina.<\/p>\n\n<div style=\"height:100px\" aria-hidden=\"true\" class=\"wp-block-spacer\"><\/div>\n\n<hr class=\"wp-block-separator has-alpha-channel-opacity is-style-wide\"\/>\n\n<div class=\"wp-block-columns is-layout-flex wp-container-core-columns-is-layout-9d6595d7 wp-block-columns-is-layout-flex\">\n<div class=\"wp-block-column is-layout-flow wp-block-column-is-layout-flow\">\n<h3 class=\"wp-block-heading\"><strong>MYYNTIPAIKAT JA HINTA<\/strong><\/h3>\n\n\n\n<p>2x2 m (ilman telttaa) 40 \u20ac <br\/>4x4 m 60 \u20ac <br\/>4x8 m 110 \u20ac<br\/>4x12 m 150 \u20ac<br\/>4x16 m 200 \u20ac<\/p>\n\n\n\n<p>Yhdistykset, 2x2 (ei telttaa) 30 \u20ac<\/p>\n\n\n\n<p>Torip\u00f6yt\u00e4 katolla +20\u20ac<\/p>\n\n\n\n<p>S\u00e4hk\u00f6 1-vaihe 16A +20 \u20ac<br\/>S\u00e4hk\u00f6 3-vaihe 16A +40 \u20ac<\/p>\n<\/div>\n\n\n\n<div class=\"wp-block-column is-layout-flow wp-block-column-is-layout-flow\">\n<h3 class=\"wp-block-heading\"><strong>TEE N\u00c4IN VARATAKSESI MYYNTIPAIKAN:<\/strong><\/h3>\n\n\n\n<ol class=\"wp-block-list\">\n<li>Varaa paikka valitsemalla koko alla.<\/li>\n\n\n\n<li>Saat laskun s\u00e4hk\u00f6postiisi. Maksa lasku viimeist\u00e4\u00e4n 11.5.2026 varmistaaksesi paikkasi markkinoilla.<\/li>\n\n\n\n<li><strong>Maksun j\u00e4lkeen <\/strong>saat vahvistuksen, ett\u00e4 myyntipaikkasi on varattu.<\/li>\n\n\n\n<li>Voit perua myyntipaikkasi ilmaiseksi 30.4 menness\u00e4.<\/li>\n\n\n\n<li>Saat tarkempaa tietoa ja myyntipaikan sijainnin viimeist\u00e4\u00e4n maanantaina 2.6.2025 <\/li>\n<\/ol>\n\n\n\n<p class=\"has-medium-font-size\"><strong><a href=\"https:\/\/kivaipargas.fi\/wp-content\/uploads\/2026\/03\/Paraisten-paivat-osallistujaehdot-2026.docx.pdf\" data-type=\"link\" data-id=\"https:\/\/kivaipargas.fi\/wp-content\/uploads\/2026\/03\/Paraisten-paivat-osallistujaehdot-2026.docx.pdf\">Paraisten p\u00e4iv\u00e4t 2026 Osallistujaehdot<\/a><\/strong><\/p>\n<\/div>\n<\/div>\n","protected":false},"excerpt":{"rendered":"<p>5.\u20137.6. on taas Paraisten p\u00e4ivien aika,ja markkinat j\u00e4rjestet\u00e4\u00e4n t\u00e4n\u00e4 vuonna lauantaina 6.6. klo 10\u201316 Huomioithan, ett\u00e4 markkinat ovat vain lauantaina. MYYNTIPAIKAT JA HINTA 2&#215;2 m (ilman telttaa) 40 \u20ac 4&#215;4 m 60 \u20ac 4&#215;8 m 110 \u20ac4&#215;12 m 150 \u20ac4&#215;16 m 200 \u20ac Yhdistykset, 2&#215;2 (ei telttaa) 30 \u20ac Torip\u00f6yt\u00e4 katolla +20\u20ac S\u00e4hk\u00f6 1-vaihe 16A [&hellip;]<\/p>\n","protected":false},"author":1,"featured_media":0,"parent":0,"menu_order":0,"comment_status":"closed","ping_status":"closed","template":"","meta":{"inline_featured_image":false,"footnotes":""},"class_list":["post-597","page","type-page","status-publish","hentry"],"_links":{"self":[{"href":"https:\/\/kivaipargas.fi\/fi\/wp-json\/wp\/v2\/pages\/597","targetHints":{"allow":["GET"]}}],"collection":[{"href":"https:\/\/kivaipargas.fi\/fi\/wp-json\/wp\/v2\/pages"}],"about":[{"href":"https:\/\/kivaipargas.fi\/fi\/wp-json\/wp\/v2\/types\/page"}],"author":[{"embeddable":true,"href":"https:\/\/kivaipargas.fi\/fi\/wp-json\/wp\/v2\/users\/1"}],"replies":[{"embeddable":true,"href":"https:\/\/kivaipargas.fi\/fi\/wp-json\/wp\/v2\/comments?post=597"}],"version-history":[{"count":8,"href":"https:\/\/kivaipargas.fi\/fi\/wp-json\/wp\/v2\/pages\/597\/revisions"}],"predecessor-version":[{"id":770,"href":"https:\/\/kivaipargas.fi\/fi\/wp-json\/wp\/v2\/pages\/597\/revisions\/770"}],"wp:attachment":[{"href":"https:\/\/kivaipargas.fi\/fi\/wp-json\/wp\/v2\/media?parent=597"}],"curies":[{"name":"wp","href":"https:\/\/api.w.org\/{rel}","templated":true}]}}